{"id":4521,"date":"2021-01-22T09:07:14","date_gmt":"2021-01-22T09:07:14","guid":{"rendered":"https:\/\/horizonpublicschool.in\/?page_id=4521"},"modified":"2021-01-22T09:07:14","modified_gmt":"2021-01-22T09:07:14","slug":"test","status":"publish","type":"page","link":"https:\/\/horizonpublicschool.in\/index.php\/test\/","title":{"rendered":"Test"},"content":{"rendered":"<section class=\"wpb-content-wrapper\"><p>[vc_row][vc_column]<div role=\"form\" class=\"wpcf7\" id=\"wpcf7-f4520-o1\" lang=\"en-US\" dir=\"ltr\">\n<div class=\"screen-reader-response\"><p role=\"status\" aria-live=\"polite\" aria-atomic=\"true\"><\/p> <ul><\/ul><\/div>\n<form action=\"\/index.php\/wp-json\/wp\/v2\/pages\/4521#wpcf7-f4520-o1\" method=\"post\" class=\"wpcf7-form init\" novalidate=\"novalidate\" data-status=\"init\">\n<div style=\"display: none;\">\n<input type=\"hidden\" name=\"_wpcf7\" value=\"4520\" \/>\n<input type=\"hidden\" name=\"_wpcf7_version\" value=\"5.6.4\" \/>\n<input type=\"hidden\" name=\"_wpcf7_locale\" value=\"en_US\" \/>\n<input type=\"hidden\" name=\"_wpcf7_unit_tag\" value=\"wpcf7-f4520-o1\" \/>\n<input type=\"hidden\" name=\"_wpcf7_container_post\" value=\"0\" \/>\n<input type=\"hidden\" name=\"_wpcf7_posted_data_hash\" value=\"\" \/>\n<\/div>\n<p>Einzugserm\u00e4chtigung <span class=\"wpcf7-form-control-wrap\" data-name=\"Einzugsermchtigung\"><span class=\"wpcf7-form-control wpcf7-checkbox\"><\/span><\/span><br \/>\nHiermit erm\u00e4chtige ich den Verein meinen Mitgliedsbeitrag viertelj\u00e4hrlich von meinem Konto mittels Lastschrift einzuziehen. Gl\u00e4ubiger\u2013ID : DE58ZZZ00000889385<\/p>\n<p><span class=\"wpcf7-form-control-wrap\" data-name=\"Einzugsermchtigung\"><span class=\"wpcf7-form-control wpcf7-checkbox\"><\/span><\/span><span class=\"wpcf7-form-control-wrap\" data-name=\"checkbox-525\"><span class=\"wpcf7-form-control wpcf7-checkbox\"><\/span><\/span><span class=\"wpcf7-form-control-wrap\" data-name=\"checkbox-402\"><span class=\"wpcf7-form-control wpcf7-checkbox wpcf7-validates-as-required gfgf\" id=\"gfgf\"><span class=\"wpcf7-list-item first last\"><label><span class=\"wpcf7-list-item-label\">fgfgf<\/span><input type=\"checkbox\" name=\"checkbox-402[]\" value=\"fgfgf\" \/><\/label><\/span><\/span><\/span>gfgfgf<input type=\"submit\" value=\"Send\" class=\"wpcf7-form-control has-spinner wpcf7-submit\" \/><\/p>\n<div class=\"wpcf7-response-output\" aria-hidden=\"true\"><\/div><\/form><\/div>[\/vc_column][\/vc_row]<\/p>\n<\/section>","protected":false},"excerpt":{"rendered":"<p>[vc_row][vc_column][\/vc_column][\/vc_row]<\/p>\n","protected":false},"author":1,"featured_media":0,"parent":0,"menu_order":0,"comment_status":"closed","ping_status":"closed","template":"","meta":[],"_links":{"self":[{"href":"https:\/\/horizonpublicschool.in\/index.php\/wp-json\/wp\/v2\/pages\/4521"}],"collection":[{"href":"https:\/\/horizonpublicschool.in\/index.php\/wp-json\/wp\/v2\/pages"}],"about":[{"href":"https:\/\/horizonpublicschool.in\/index.php\/wp-json\/wp\/v2\/types\/page"}],"author":[{"embeddable":true,"href":"https:\/\/horizonpublicschool.in\/index.php\/wp-json\/wp\/v2\/users\/1"}],"replies":[{"embeddable":true,"href":"https:\/\/horizonpublicschool.in\/index.php\/wp-json\/wp\/v2\/comments?post=4521"}],"version-history":[{"count":0,"href":"https:\/\/horizonpublicschool.in\/index.php\/wp-json\/wp\/v2\/pages\/4521\/revisions"}],"wp:attachment":[{"href":"https:\/\/horizonpublicschool.in\/index.php\/wp-json\/wp\/v2\/media?parent=4521"}],"curies":[{"name":"wp","href":"https:\/\/api.w.org\/{rel}","templated":true}]}}